{"id":133,"date":"2025-09-04T16:56:31","date_gmt":"2025-09-04T16:56:31","guid":{"rendered":"https:\/\/psichologebrigitagel.lt\/?page_id=133"},"modified":"2025-09-10T15:11:08","modified_gmt":"2025-09-10T15:11:08","slug":"contact","status":"publish","type":"page","link":"https:\/\/psichologebrigitagel.lt\/?page_id=133","title":{"rendered":"Contact"},"content":{"rendered":"\n<div class=\"wp-block-group has-global-padding is-layout-constrained wp-block-group-is-layout-constrained\">\n<div class=\"wp-block-group alignfull has-global-padding is-layout-constrained wp-block-group-is-layout-constrained\" style=\"margin-top:0;margin-bottom:0;padding-top:var(--wp--preset--spacing--50);padding-bottom:var(--wp--preset--spacing--50)\">\n<div class=\"wp-block-group alignwide has-global-padding is-layout-constrained wp-block-group-is-layout-constrained\">\n<h2 class=\"wp-block-heading alignfull has-text-align-left has-xx-large-font-size\">Kaip su manimi susisiekti?<\/h2>\n\n\n\n<div class=\"wp-block-group alignwide is-layout-grid wp-container-core-group-is-layout-5b5f6092 wp-block-group-is-layout-grid\" style=\"border-top-color:var(--wp--preset--color--accent-4);border-top-width:1px;margin-top:var(--wp--preset--spacing--50);padding-top:var(--wp--preset--spacing--60);padding-bottom:var(--wp--preset--spacing--60)\">\n<div class=\"wp-block-group wp-container-content-0a059217 is-vertical is-layout-flex wp-container-core-group-is-layout-fe9cc265 wp-block-group-is-layout-flex\">\n<h3 class=\"wp-block-heading has-medium-font-size\" style=\"font-style:normal;font-weight:700\">El. pa\u0161tas<\/h3>\n\n\n\n<p class=\"has-medium-font-size\" style=\"font-style:normal;font-weight:600\"><a href=\"mailto:brigitagel@gmail.com\" rel=\"nofollow\">brigitagel@gmail.com<\/a><\/p>\n<\/div>\n\n\n\n<div class=\"wp-block-group wp-container-content-e8d939e8 is-vertical is-layout-flex wp-container-core-group-is-layout-fe9cc265 wp-block-group-is-layout-flex\">\n<h3 class=\"wp-block-heading has-medium-font-size\"><strong>Telefonas<\/strong><\/h3>\n\n\n\n<p style=\"font-style:normal;font-weight:600\"><a href=\"tel:37061831372\" rel=\"nofollow\">+37061831372<\/a><\/p>\n<\/div>\n\n\n\n<div class=\"wp-block-group wp-container-content-0a059217 is-vertical is-layout-flex wp-container-core-group-is-layout-fe9cc265 wp-block-group-is-layout-flex\">\n<h3 class=\"wp-block-heading has-medium-font-size\" style=\"font-style:normal;font-weight:700\">Socialiniai tinklai<\/h3>\n\n\n<nav class=\"has-medium-font-size  is-vertical wp-block-navigation is-layout-flex wp-container-core-navigation-is-layout-98bb686d wp-block-navigation-is-layout-flex\" aria-label=\"Social media Social media\"><ul class=\"wp-block-navigation__container has-medium-font-size  is-vertical wp-block-navigation has-medium-font-size\" aria-label=\"Social media\"><li style=\"font-style:normal;font-weight:600;\" class=\"has-medium-font-size wp-block-navigation-item wp-block-navigation-link\"><a class=\"wp-block-navigation-item__content\"  href=\"https:\/\/www.facebook.com\/profile.php?id=100022590407322\" target=\"_blank\"  ><span class=\"wp-block-navigation-item__label\">Facebook<\/span><\/a><\/li><\/ul><\/nav><\/div>\n\n\n\n<div class=\"wp-block-group wp-container-content-e9e3d78d is-layout-grid wp-container-core-group-is-layout-29271053 wp-block-group-is-layout-grid\">\n<div class=\"wp-block-group wp-container-content-b4c5012d has-global-padding is-layout-constrained wp-block-group-is-layout-constrained\">\n<h3 class=\"wp-block-heading has-medium-font-size\" style=\"font-style:normal;font-weight:700\">Adresas<\/h3>\n\n\n\n<h3 class=\"wp-block-heading has-medium-font-size\" style=\"font-style:normal;font-weight:100\"><a href=\"https:\/\/maps.app.goo.gl\/g9dHo3GQ4h33K6jw6\" data-type=\"link\" data-id=\"https:\/\/maps.app.goo.gl\/g9dHo3GQ4h33K6jw6\" target=\"_blank\" rel=\"noreferrer noopener nofollow\">Laisv\u0117s g. 16-23, Marijampol\u0117, Lietuva.<\/a><\/h3>\n<\/div>\n<\/div>\n<\/div>\n<\/div>\n<\/div>\n<\/div>\n","protected":false},"excerpt":{"rendered":"<p>Kaip su manimi susisiekti? El. pa\u0161tas brigitagel@gmail.com Telefonas +37061831372 Socialiniai tinklai Adresas Laisv\u0117s g. 16-23, Marijampol\u0117, Lietuva.<\/p>\n","protected":false},"author":1,"featured_media":0,"parent":0,"menu_order":0,"comment_status":"closed","ping_status":"closed","template":"page-no-title","meta":{"_monsterinsights_skip_tracking":false,"_monsterinsights_sitenote_active":false,"_monsterinsights_sitenote_note":"","_monsterinsights_sitenote_category":0,"footnotes":""},"class_list":["post-133","page","type-page","status-publish","hentry"],"aioseo_notices":[],"_hostinger_reach_plugin_has_subscription_block":false,"_hostinger_reach_plugin_is_elementor":false,"_links":{"self":[{"href":"https:\/\/psichologebrigitagel.lt\/index.php?rest_route=\/wp\/v2\/pages\/133","targetHints":{"allow":["GET"]}}],"collection":[{"href":"https:\/\/psichologebrigitagel.lt\/index.php?rest_route=\/wp\/v2\/pages"}],"about":[{"href":"https:\/\/psichologebrigitagel.lt\/index.php?rest_route=\/wp\/v2\/types\/page"}],"author":[{"embeddable":true,"href":"https:\/\/psichologebrigitagel.lt\/index.php?rest_route=\/wp\/v2\/users\/1"}],"replies":[{"embeddable":true,"href":"https:\/\/psichologebrigitagel.lt\/index.php?rest_route=%2Fwp%2Fv2%2Fcomments&post=133"}],"version-history":[{"count":13,"href":"https:\/\/psichologebrigitagel.lt\/index.php?rest_route=\/wp\/v2\/pages\/133\/revisions"}],"predecessor-version":[{"id":311,"href":"https:\/\/psichologebrigitagel.lt\/index.php?rest_route=\/wp\/v2\/pages\/133\/revisions\/311"}],"wp:attachment":[{"href":"https:\/\/psichologebrigitagel.lt\/index.php?rest_route=%2Fwp%2Fv2%2Fmedia&parent=133"}],"curies":[{"name":"wp","href":"https:\/\/api.w.org\/{rel}","templated":true}]}}