{"id":47,"date":"2025-09-02T16:30:28","date_gmt":"2025-09-02T16:30:28","guid":{"rendered":"https:\/\/psichologebrigitagel.lt\/?page_id=47"},"modified":"2025-10-29T11:39:43","modified_gmt":"2025-10-29T11:39:43","slug":"home","status":"publish","type":"page","link":"https:\/\/psichologebrigitagel.lt\/","title":{"rendered":"Home"},"content":{"rendered":"\n<div class=\"wp-block-cover alignfull is-light\" style=\"box-shadow:var(--wp--preset--shadow--natural);min-height:317px;aspect-ratio:unset;\"><span aria-hidden=\"true\" class=\"wp-block-cover__background has-custom-color-5-background-color has-background-dim-10 has-background-dim\"><\/span><div class=\"wp-block-cover__inner-container is-layout-flow wp-block-cover-is-layout-flow\">\n<div class=\"wp-block-media-text alignwide is-stacked-on-mobile\" style=\"grid-template-columns:35% auto\"><figure class=\"wp-block-media-text__media\"><img loading=\"lazy\" decoding=\"async\" width=\"1024\" height=\"679\" src=\"https:\/\/psichologebrigitagel.lt\/wp-content\/uploads\/2025\/09\/miskas.jpg\" alt=\"\" class=\"wp-image-334 size-full\" srcset=\"https:\/\/psichologebrigitagel.lt\/wp-content\/uploads\/2025\/09\/miskas.jpg 1024w, https:\/\/psichologebrigitagel.lt\/wp-content\/uploads\/2025\/09\/miskas-300x199.jpg 300w, https:\/\/psichologebrigitagel.lt\/wp-content\/uploads\/2025\/09\/miskas-768x509.jpg 768w\" sizes=\"auto, (max-width: 1024px) 100vw, 1024px\" \/><\/figure><div class=\"wp-block-media-text__content\">\n<blockquote class=\"wp-block-quote is-layout-flow wp-block-quote-is-layout-flow\">\n<h2 class=\"wp-block-heading is-style-default has-text-color\" style=\"color:#000000;font-size:clamp(20px, 1.25rem + ((1vw - 3.2px) * 1.176), 32px);\"><strong>Kiekviena painiava turi savo prasm\u0119<\/strong>.<\/h2>\n<\/blockquote>\n\n\n\n<p class=\"has-text-color\" style=\"color:#000000;font-size:clamp(14px, 0.875rem + ((1vw - 3.2px) * 0.294), 17px);\">Gyvenimo keliai kartais gali atrodyti neai\u0161k\u016bs, ta\u010diau kiekvienas \u017eingsnis turi prasm\u0119. Kartu galime atrasti ai\u0161kum\u0105, pusiausvyr\u0105 ir naujas galimybes.<\/p>\n\n\n\n<div class=\"wp-block-buttons is-horizontal is-content-justification-left is-layout-flex wp-container-core-buttons-is-layout-20be11b6 wp-block-buttons-is-layout-flex\">\n<div class=\"wp-block-button is-style-fill\"><a class=\"wp-block-button__link wp-element-button\" href=\"#about\">Su\u017einokite daugiau<\/a><\/div>\n<\/div>\n<\/div><\/div>\n<\/div><\/div>\n\n\n\n<div class=\"wp-block-group has-global-padding is-layout-constrained wp-block-group-is-layout-constrained\">\n<div class=\"wp-block-group has-global-padding is-layout-constrained wp-block-group-is-layout-constrained\">\n<h2 class=\"wp-block-heading has-text-align-center is-style-default has-x-large-font-size\">Apie mane<\/h2>\n\n\n\n<figure class=\"wp-block-image aligncenter size-full is-resized is-style-rounded\" id=\"about\" style=\"margin-top:var(--wp--preset--spacing--20);margin-bottom:0\"><img loading=\"lazy\" decoding=\"async\" width=\"897\" height=\"897\" src=\"https:\/\/psichologebrigitagel.lt\/wp-content\/uploads\/2025\/09\/brigita_g_profile.png\" alt=\"\" class=\"wp-image-146\" style=\"width:378px;height:auto\" srcset=\"https:\/\/psichologebrigitagel.lt\/wp-content\/uploads\/2025\/09\/brigita_g_profile.png 897w, https:\/\/psichologebrigitagel.lt\/wp-content\/uploads\/2025\/09\/brigita_g_profile-300x300.png 300w, https:\/\/psichologebrigitagel.lt\/wp-content\/uploads\/2025\/09\/brigita_g_profile-150x150.png 150w, https:\/\/psichologebrigitagel.lt\/wp-content\/uploads\/2025\/09\/brigita_g_profile-768x768.png 768w\" sizes=\"auto, (max-width: 897px) 100vw, 897px\" \/><\/figure>\n\n\n\n<h3 class=\"wp-block-heading has-text-align-center has-medium-font-size\" style=\"padding-top:0px;padding-bottom:0px;padding-left:0\"><strong>Brigita Gelumbauskien\u0117&nbsp;<\/strong><\/h3>\n\n\n\n<hr class=\"wp-block-separator has-alpha-channel-opacity\"\/>\n\n\n\n<div class=\"wp-block-group has-global-padding is-layout-constrained wp-block-group-is-layout-constrained\">\n<p>Esu medicinos (sveikatos) psicholog\u0117 \u2013 psichoterapeut\u0117 ir teikiu pagalb\u0105 \u017emon\u0117ms, esantiems reabilitacijoje po \u012fvairi\u0173 operacij\u0173 ar traum\u0173, susiduriantiems su \u012fvairiais psichikos ir elgesio sutrikimais.<\/p>\n\n\n\n<p>K\u016bno sveikata glaud\u017eiai susijusi su sielos sveikata, ir atvirk\u0161\u010diai. Per savo darbo praktik\u0105 esu ne kart\u0105 \u012fsitikinusi, jog norint i\u0161eiti i\u0161 sunkios b\u016bkl\u0117s, reikalinga prisiliesti prie sen\u0173 ar nauj\u0173 \u201c\u017eaizd\u0173\u201d, i\u0161jausti ir suprasti \u012fvairius jausmus. Arba kitaip tariant, b\u016bti atviram sau. Esu \u012fsitikinusi, jog atvirumas yra terapini\u0173 santyki\u0173 pagrindas. Sesij\u0173 metu stengiuosi b\u016bti nuo\u0161irdi ir \u012fsiklausanti savo ir kito \u017emogaus vidiniam pasauliui, kad \u012fvykt\u0173 dialogas \u2013 pokalbis. Tikiu, jog skirtingos patirtys ir asmenyb\u0117s ypatumai gali praturtinti ar paskatinti pasikeitimus link norimo tikslo.<\/p>\n\n\n\n<p>Terapijoje m\u0117gstu taikyti alegorijas ir palyginimus, kurie vaizd\u017eiai iliustruoja ir nusako mint\u012f. K\u016brybi\u0161kumas ir spontani\u0161kumas \u2013 tai savyb\u0117s, kurias stengiuosi i\u0161laikyti ir puosel\u0117ti ne tik individuali\u0173 pokalbi\u0173, bet ir grupini\u0173 u\u017esi\u0117mim\u0173 metu.<\/p>\n\n\n\n<hr class=\"wp-block-separator has-alpha-channel-opacity\"\/>\n<\/div>\n<\/div>\n\n\n\n<div class=\"wp-block-group is-vertical is-content-justification-center is-layout-flex wp-container-core-group-is-layout-ce155fab wp-block-group-is-layout-flex\"><\/div>\n\n\n\n<h2 class=\"wp-block-heading has-text-align-center\">Patirtis<\/h2>\n\n\n\n<ul class=\"wp-block-list\">\n<li>Nuo 2008 m. iki dabar medicinos psicholog\u0117, Bir\u0161tono V\u0160\u012e \u201cTulp\u0117s\u201d sanatorija (individualios konsultacijos, psichorelaksacijos, grupiniai meno terapijos, biblioterapijos u\u017esi\u0117mimai).<\/li>\n\n\n\n<li>2021 \u2013 2022 m. lektor\u0117, Kalvarijos Tre\u010diojo Am\u017eiaus Universitetas (Seminar\u0173 temos \u201cLiga ir sveikata. Apie sielos ir k\u016bno skausm\u0105\u201d, \u201cApie stereotipus, kurie trukdo gyventi\u201d, \u201c Apie bendravimo ypatumus tarp skirting\u0173 kart\u0173\u201d).<\/li>\n\n\n\n<li>2019 &#8211; 2021 m. lektor\u0117, Prien\u0173 raj. savivaldyb\u0117s projektas &#8220;Bendrojo ugdymo mokykl\u0173 darbuotoj\u0173 geb\u0117jim\u0173 visuomen\u0117s psichikos sveikatos srityje stiprinimas&#8221;.<\/li>\n\n\n\n<li>2018 &#8211; 2020 m. psicholog\u0117, Kompleksini\u0173 paslaug\u0173 \u0161eimai teikimas, Vilkavi\u0161kio raj. savivaldyb\u0117.&nbsp;\u200b<\/li>\n\n\n\n<li>2018 m. iki dabar privati praktika su suaugusiais nuotoliniu b\u016bdu ir gyvai.<\/li>\n\n\n\n<li>2018 &#8211; 2019 m. psicholog\u0117, Prien\u0173 globos namai.<\/li>\n\n\n\n<li>2007 \u2013 2008 m. psicholog\u0117, Balbieri\u0161kio pagrindin\u0117 mokykla.<\/li>\n<\/ul>\n<\/div>\n\n\n\n<div class=\"wp-block-group has-global-padding is-layout-constrained wp-block-group-is-layout-constrained\">\n<hr class=\"wp-block-separator has-alpha-channel-opacity\"\/>\n\n\n\n<h2 class=\"wp-block-heading has-text-align-center\">I\u0161silavinimas<\/h2>\n\n\n\n<ul class=\"wp-block-list\">\n<li>2025 m. \u012egytas psichoterapeut\u0117s diplomas (HEPI, profesionalusis lygis).<\/li>\n\n\n\n<li>2017 &#8211; 2019 m. Egzistencin\u0117s terapijos studijos HEPI (Humanistin\u0117s ir egzistencin\u0117s psichologijos institutas) (bazinis lygis).<\/li>\n\n\n\n<li>2007 \u2013 2010 m. \u012egyta sveikatos psichologo magistro kvalifikacija, Vytauto Did\u017eiojo Universitetas.<\/li>\n\n\n\n<li>2002 \u2013 2007 m. \u012egyta psichologijos bakalauro kvalifikacija, Vytauto Did\u017eiojo Universitetas.<\/li>\n\n\n\n<li>1997 \u2013 2001 m. \u012egyta pradini\u0173 klasi\u0173 mokytojos specialyb\u0117, Marijampol\u0117s Auk\u0161tesnioji Pedagogin\u0117 m-la.<\/li>\n<\/ul>\n\n\n\n<hr class=\"wp-block-separator has-alpha-channel-opacity\"\/>\n\n\n\n<figure class=\"wp-block-image aligncenter size-large is-resized\"><img loading=\"lazy\" decoding=\"async\" width=\"1024\" height=\"682\" src=\"https:\/\/psichologebrigitagel.lt\/wp-content\/uploads\/2025\/09\/foto-as2-1024x682.jpg\" alt=\"\" class=\"wp-image-300\" style=\"width:505px;height:auto\" srcset=\"https:\/\/psichologebrigitagel.lt\/wp-content\/uploads\/2025\/09\/foto-as2-1024x682.jpg 1024w, https:\/\/psichologebrigitagel.lt\/wp-content\/uploads\/2025\/09\/foto-as2-300x200.jpg 300w, https:\/\/psichologebrigitagel.lt\/wp-content\/uploads\/2025\/09\/foto-as2-768x512.jpg 768w, https:\/\/psichologebrigitagel.lt\/wp-content\/uploads\/2025\/09\/foto-as2.jpg 1100w\" sizes=\"auto, (max-width: 1024px) 100vw, 1024px\" \/><\/figure>\n\n\n\n<div class=\"wp-block-group is-vertical is-content-justification-center is-layout-flex wp-container-core-group-is-layout-ce155fab wp-block-group-is-layout-flex\">\n<h2 class=\"wp-block-heading has-x-large-font-size\" style=\"padding-bottom:var(--wp--preset--spacing--20);text-decoration:none\">Paslaugos<\/h2>\n\n\n\n<div class=\"wp-block-group has-global-padding is-layout-constrained wp-block-group-is-layout-constrained\">\n<p>Kiekvienas \u017emogus gyvenime susiduria su sunkumais. Mano darbas \u2013 pad\u0117ti juos atpa\u017einti, suprasti ir \u012fveikti. U\u017esiimu psichoterapija, kuri apima \u0161ias temas : padidintas nerimas, panikos atakos, depresija, potraumin\u0117s patirtys, \u012fvairios baim\u0117s, miego sutrikimai, psichosomatika, gedulas ir netektys, por\u0173 santyki\u0173 sunkumai, ko-priklausomyb\u0117, nepasitik\u0117jimas savimi ir kitais, sunkumai, susij\u0119 su n\u0117\u0161tumo planavimu ir nevaisingumu, egzistenciniai klausimai (laisv\u0117, prasm\u0117, beprasmyb\u0117 ir k.t.).<\/p>\n\n\n\n<p><\/p>\n\n\n\n<ul class=\"wp-block-list\">\n<li>Teikiu psichologin\u0119 pagalb\u0105 suaugusiems lietuvi\u0173 ir rus\u0173 kalbomis. Sesijos kaina 50 eurai (50 min).\n<ul class=\"wp-block-list\">\n<li><strong>Gyvai<\/strong> &#8211; <a href=\"https:\/\/maps.app.goo.gl\/g9dHo3GQ4h33K6jw6\" data-type=\"link\" data-id=\"https:\/\/maps.app.goo.gl\/g9dHo3GQ4h33K6jw6\" target=\"_blank\" rel=\"noreferrer noopener nofollow\">Laisv\u0117s g. 16-23, Marijampol\u0117<\/a>.<\/li>\n\n\n\n<li>Nuotoliniu b\u016bdu &#8211; Google Meet.<\/li>\n<\/ul>\n<\/li>\n\n\n\n<li>Vedu seminarus \u012fvairiomis psichogin\u0117mis temomis (\u201cPa\u017eintis su biblioterapija\u201d, \u201cRibos santykiuose\u201d, \u201cSurasti prasm\u0119 \u2013 misija (ne-) \u012fmanoma? Apie ma\u017eas ir dideles prasmes\u201d, \u201cKalt\u0117 \u2013 taurusis jausmas\u201d.). Kaina derinama.<\/li>\n<\/ul>\n\n\n\n<hr class=\"wp-block-separator has-alpha-channel-opacity\"\/>\n<\/div>\n<\/div>\n\n\n\n<blockquote class=\"wp-block-quote is-layout-flow wp-block-quote-is-layout-flow\">\n<p>I\u0161ra\u0161au s\u0105skait\u0105 fakt\u016br\u0105 pagal individualios veiklos nr. 231158.<\/p>\n\n\n\n<p>Turiu medicinos psicholog\u0117s licenzij\u0105 nr. ASL-07220.<\/p>\n\n\n\n<p>Medicinos psicholog\u0117s spaudo nr. MP000208. <\/p>\n<\/blockquote>\n\n\n\n<hr class=\"wp-block-separator has-alpha-channel-opacity\"\/>\n\n\n\n<div class=\"wp-block-group is-vertical is-content-justification-center is-layout-flex wp-container-core-group-is-layout-ce155fab wp-block-group-is-layout-flex\">\n<div class=\"wp-block-group has-global-padding is-layout-constrained wp-block-group-is-layout-constrained\">\n<hr class=\"wp-block-separator has-alpha-channel-opacity\"\/>\n<\/div>\n<\/div>\n<\/div>\n","protected":false},"excerpt":{"rendered":"","protected":false},"author":1,"featured_media":0,"parent":0,"menu_order":0,"comment_status":"closed","ping_status":"closed","template":"page-no-title","meta":{"_monsterinsights_skip_tracking":false,"_monsterinsights_sitenote_active":false,"_monsterinsights_sitenote_note":"","_monsterinsights_sitenote_category":0,"footnotes":""},"class_list":["post-47","page","type-page","status-publish","hentry"],"aioseo_notices":[],"_hostinger_reach_plugin_has_subscription_block":false,"_hostinger_reach_plugin_is_elementor":false,"_links":{"self":[{"href":"https:\/\/psichologebrigitagel.lt\/index.php?rest_route=\/wp\/v2\/pages\/47","targetHints":{"allow":["GET"]}}],"collection":[{"href":"https:\/\/psichologebrigitagel.lt\/index.php?rest_route=\/wp\/v2\/pages"}],"about":[{"href":"https:\/\/psichologebrigitagel.lt\/index.php?rest_route=\/wp\/v2\/types\/page"}],"author":[{"embeddable":true,"href":"https:\/\/psichologebrigitagel.lt\/index.php?rest_route=\/wp\/v2\/users\/1"}],"replies":[{"embeddable":true,"href":"https:\/\/psichologebrigitagel.lt\/index.php?rest_route=%2Fwp%2Fv2%2Fcomments&post=47"}],"version-history":[{"count":2,"href":"https:\/\/psichologebrigitagel.lt\/index.php?rest_route=\/wp\/v2\/pages\/47\/revisions"}],"predecessor-version":[{"id":61,"href":"https:\/\/psichologebrigitagel.lt\/index.php?rest_route=\/wp\/v2\/pages\/47\/revisions\/61"}],"wp:attachment":[{"href":"https:\/\/psichologebrigitagel.lt\/index.php?rest_route=%2Fwp%2Fv2%2Fmedia&parent=47"}],"curies":[{"name":"wp","href":"https:\/\/api.w.org\/{rel}","templated":true}]}}